{"id":4336,"date":"2023-01-18T20:23:02","date_gmt":"2023-01-18T19:23:02","guid":{"rendered":"https:\/\/artisarl.com\/?page_id=4336"},"modified":"2023-01-26T20:41:41","modified_gmt":"2023-01-26T19:41:41","slug":"services-produits","status":"publish","type":"page","link":"https:\/\/artisarl.com\/en\/services-produits\/","title":{"rendered":"Services &amp; Products"},"content":{"rendered":"<div data-vc-full-width=\"true\" data-vc-full-width-init=\"false\" class=\"vc_row wpb_row vc_row-fluid\"><div class=\"wpb_column vc_column_container vc_col-sm-12\"><div class=\"vc_column-inner\"><div class=\"wpb_wrapper\"><div class=\"vc_row wpb_row vc_inner vc_row-fluid\"><div class=\"wpb_column vc_column_container vc_col-sm-12\"><div class=\"vc_column-inner\"><div class=\"wpb_wrapper\"><h2 style=\"color: #ffffff;text-align: center\" class=\"vc_custom_heading vc_custom_1674165135753\" >OUR PRODUCTS &amp; SERVICES<\/h2>\n\t<div class=\"wpb_text_column wpb_content_element  vc_custom_1674244229821\" >\n\t\t<div class=\"wpb_wrapper\">\n\t\t\t<p style=\"text-align: center;\">In order to offer a high level of satisfaction, we have a wide range of spare parts and services for light vehicles, trucks and industrial machinery, which are<\/p>\n\n\t\t<\/div>\n\t<\/div>\n<\/div><\/div><\/div><\/div><\/div><\/div><\/div><\/div><div class=\"vc_row-full-width\"><\/div><div class=\"vc_row wpb_row vc_row-fluid vc_custom_1674161629751\"><div class=\"wpb_column vc_column_container vc_col-sm-4\"><div class=\"vc_column-inner\"><div class=\"wpb_wrapper\"><h2 style=\"font-size: 16px;text-align: left;font-family:Montserrat;font-weight:700;font-style:normal\" class=\"vc_custom_heading\" >GENERAL MECHANICS<\/h2>\n<div class=\"colored-separator text-center style_1\">\n\t\t\t<div class=\"first-long stm-base-background-color\"  style=\"background-color: #ffffff\" ><\/div>\n\t\t<div class=\"last-short stm-base-background-color\"  style=\"background-color: #ffffff\" ><\/div>\n\t<\/div>\n\t<div class=\"wpb_single_image wpb_content_element vc_align_left\">\n\t\t<div class=\"wpb_wrapper\">\n\t\t\t\n\t\t\t<div class=\"vc_single_image-wrapper vc_box_border  vc_box_border_white\"><img loading=\"lazy\" decoding=\"async\" class=\"vc_single_image-img\" src=\"https:\/\/artisarl.com\/wp-content\/uploads\/2023\/01\/mechanic-examining-car-350x220.jpg\" width=\"350\" height=\"220\" alt=\"Attentive mechanic examining car at repair garage\" title=\"Mechanic examining car\" \/><\/div>\n\t\t<\/div>\n\t<\/div>\n<\/div><\/div><\/div><div class=\"wpb_column vc_column_container vc_col-sm-4\"><div class=\"vc_column-inner\"><div class=\"wpb_wrapper\"><h2 style=\"font-size: 16px;text-align: left;font-family:Montserrat;font-weight:700;font-style:normal\" class=\"vc_custom_heading\" >DIESEL &amp; GASOLINE INJECTION<\/h2>\n<div class=\"colored-separator text-center style_1\">\n\t\t\t<div class=\"first-long stm-base-background-color\"  style=\"background-color: #ffffff\" ><\/div>\n\t\t<div class=\"last-short stm-base-background-color\"  style=\"background-color: #ffffff\" ><\/div>\n\t<\/div>\n\t<div class=\"wpb_single_image wpb_content_element vc_align_left\">\n\t\t<div class=\"wpb_wrapper\">\n\t\t\t\n\t\t\t<div class=\"vc_single_image-wrapper vc_box_border  vc_box_border_white\"><img loading=\"lazy\" decoding=\"async\" class=\"vc_single_image-img\" src=\"https:\/\/artisarl.com\/wp-content\/uploads\/2023\/01\/INJECTION-DIESEL-ESSENCE-350x220.jpg\" width=\"350\" height=\"220\" alt=\"INJECTION DIESEL ESSENCE\" title=\"INJECTION DIESEL ESSENCE\" \/><\/div>\n\t\t<\/div>\n\t<\/div>\n<\/div><\/div><\/div><div class=\"wpb_column vc_column_container vc_col-sm-4\"><div class=\"vc_column-inner\"><div class=\"wpb_wrapper\"><h2 style=\"font-size: 16px;text-align: left;font-family:Montserrat;font-weight:700;font-style:normal\" class=\"vc_custom_heading\" >LUBRICANTS<\/h2>\n<div class=\"colored-separator text-center style_1\">\n\t\t\t<div class=\"first-long stm-base-background-color\"  style=\"background-color: #ffffff\" ><\/div>\n\t\t<div class=\"last-short stm-base-background-color\"  style=\"background-color: #ffffff\" ><\/div>\n\t<\/div>\n\t<div class=\"wpb_single_image wpb_content_element vc_align_left\">\n\t\t<div class=\"wpb_wrapper\">\n\t\t\t\n\t\t\t<div class=\"vc_single_image-wrapper vc_box_border  vc_box_border_white\"><img loading=\"lazy\" decoding=\"async\" class=\"vc_single_image-img\" src=\"https:\/\/artisarl.com\/wp-content\/uploads\/2023\/01\/shutterstock_1342450841-350x220.jpg\" width=\"350\" height=\"220\" alt=\"3d,Illustration,Of,Car,Engine,With,Lubricant,Oil,On,Repairing.\" title=\"3d,Illustration,Of,Car,Engine,With,Lubricant,Oil,On,Repairing.\" \/><\/div>\n\t\t<\/div>\n\t<\/div>\n<\/div><\/div><\/div><\/div><div class=\"vc_row wpb_row vc_row-fluid vc_custom_1674161629751\"><div class=\"wpb_column vc_column_container vc_col-sm-4\"><div class=\"vc_column-inner\"><div class=\"wpb_wrapper\"><h2 style=\"font-size: 16px;text-align: left;font-family:Montserrat;font-weight:700;font-style:normal\" class=\"vc_custom_heading\" >SUPPLY OF SPARE PARTS<\/h2>\n<div class=\"colored-separator text-center style_1\">\n\t\t\t<div class=\"first-long stm-base-background-color\"  style=\"background-color: #ffffff\" ><\/div>\n\t\t<div class=\"last-short stm-base-background-color\"  style=\"background-color: #ffffff\" ><\/div>\n\t<\/div>\n\t<div class=\"wpb_single_image wpb_content_element vc_align_left\">\n\t\t<div class=\"wpb_wrapper\">\n\t\t\t\n\t\t\t<div class=\"vc_single_image-wrapper vc_box_border  vc_box_border_white\"><img loading=\"lazy\" decoding=\"async\" class=\"vc_single_image-img\" src=\"https:\/\/artisarl.com\/wp-content\/uploads\/2023\/01\/shutterstock_2107252943-350x220.jpg\" width=\"350\" height=\"220\" alt=\"Pistons,,Sleeves,And,Oil,Scraper,Rings,On,The,Store,Counter\" title=\"Pistons,,Sleeves,And,Oil,Scraper,Rings,On,The,Store,Counter\" \/><\/div>\n\t\t<\/div>\n\t<\/div>\n<\/div><\/div><\/div><div class=\"wpb_column vc_column_container vc_col-sm-4\"><div class=\"vc_column-inner\"><div class=\"wpb_wrapper\"><h2 style=\"font-size: 16px;text-align: left;font-family:Montserrat;font-weight:700;font-style:normal\" class=\"vc_custom_heading\" >FILTRATION<\/h2>\n<div class=\"colored-separator text-center style_1\">\n\t\t\t<div class=\"first-long stm-base-background-color\"  style=\"background-color: #ffffff\" ><\/div>\n\t\t<div class=\"last-short stm-base-background-color\"  style=\"background-color: #ffffff\" ><\/div>\n\t<\/div>\n\t<div class=\"wpb_single_image wpb_content_element vc_align_left\">\n\t\t<div class=\"wpb_wrapper\">\n\t\t\t\n\t\t\t<div class=\"vc_single_image-wrapper vc_box_border  vc_box_border_white\"><img loading=\"lazy\" decoding=\"async\" class=\"vc_single_image-img\" src=\"https:\/\/artisarl.com\/wp-content\/uploads\/2023\/01\/shutterstock_1559425571-338x220.jpg\" width=\"338\" height=\"220\" alt=\"Modern,Cylindrical,Paper,Car,Filters,Cartridge,For,Oil,And,Air,\" title=\"Modern,Cylindrical,Paper,Car,Filters,Cartridge,For,Oil,And,Air,\" \/><\/div>\n\t\t<\/div>\n\t<\/div>\n<\/div><\/div><\/div><div class=\"wpb_column vc_column_container vc_col-sm-4\"><div class=\"vc_column-inner\"><div class=\"wpb_wrapper\"><h2 style=\"font-size: 16px;text-align: left;font-family:Montserrat;font-weight:700;font-style:normal\" class=\"vc_custom_heading\" >GENERAL MECHANICAL MAINTENANCE<\/h2>\n<div class=\"colored-separator text-center style_1\">\n\t\t\t<div class=\"first-long stm-base-background-color\"  style=\"background-color: #ffffff\" ><\/div>\n\t\t<div class=\"last-short stm-base-background-color\"  style=\"background-color: #ffffff\" ><\/div>\n\t<\/div>\n\t<div class=\"wpb_single_image wpb_content_element vc_align_left\">\n\t\t<div class=\"wpb_wrapper\">\n\t\t\t\n\t\t\t<div class=\"vc_single_image-wrapper vc_box_border  vc_box_border_white\"><img loading=\"lazy\" decoding=\"async\" class=\"vc_single_image-img\" src=\"https:\/\/artisarl.com\/wp-content\/uploads\/2023\/01\/maxresdefault-350x220.jpg\" width=\"350\" height=\"220\" alt=\"maxresdefault\" title=\"maxresdefault\" \/><\/div>\n\t\t<\/div>\n\t<\/div>\n<\/div><\/div><\/div><\/div><div class=\"vc_row wpb_row vc_row-fluid vc_custom_1674161629751\"><div class=\"wpb_column vc_column_container vc_col-sm-4\"><div class=\"vc_column-inner\"><div class=\"wpb_wrapper\"><h2 style=\"font-size: 16px;text-align: left;font-family:Montserrat;font-weight:700;font-style:normal\" class=\"vc_custom_heading\" >EXPRESS DELIVERY<\/h2>\n<div class=\"colored-separator text-center style_1\">\n\t\t\t<div class=\"first-long stm-base-background-color\"  style=\"background-color: #ffffff\" ><\/div>\n\t\t<div class=\"last-short stm-base-background-color\"  style=\"background-color: #ffffff\" ><\/div>\n\t<\/div>\n\t<div class=\"wpb_single_image wpb_content_element vc_align_left\">\n\t\t<div class=\"wpb_wrapper\">\n\t\t\t\n\t\t\t<div class=\"vc_single_image-wrapper vc_box_border  vc_box_border_white\"><img loading=\"lazy\" decoding=\"async\" class=\"vc_single_image-img\" src=\"https:\/\/artisarl.com\/wp-content\/uploads\/2023\/01\/shutterstock_2228932381-350x220.jpg\" width=\"350\" height=\"220\" alt=\"Bangkok,,Thailand,-,September,26,,2022,Shopping,Cart,With,Dhl\" title=\"Bangkok,,Thailand,-,September,26,,2022,Shopping,Cart,With,Dhl\" \/><\/div>\n\t\t<\/div>\n\t<\/div>\n<\/div><\/div><\/div><div class=\"wpb_column vc_column_container vc_col-sm-4\"><div class=\"vc_column-inner\"><div class=\"wpb_wrapper\"><h2 style=\"font-size: 16px;text-align: left;font-family:Montserrat;font-weight:700;font-style:normal\" class=\"vc_custom_heading\" >MINING<\/h2>\n<div class=\"colored-separator text-center style_1\">\n\t\t\t<div class=\"first-long stm-base-background-color\"  style=\"background-color: #ffffff\" ><\/div>\n\t\t<div class=\"last-short stm-base-background-color\"  style=\"background-color: #ffffff\" ><\/div>\n\t<\/div>\n\t<div class=\"wpb_single_image wpb_content_element vc_align_left\">\n\t\t<div class=\"wpb_wrapper\">\n\t\t\t\n\t\t\t<div class=\"vc_single_image-wrapper vc_box_border  vc_box_border_white\"><img loading=\"lazy\" decoding=\"async\" class=\"vc_single_image-img\" src=\"https:\/\/artisarl.com\/wp-content\/uploads\/2023\/01\/PIECES-POUR-BROYEUR-350x220.jpg\" width=\"350\" height=\"220\" alt=\"PIECES POUR BROYEUR\" title=\"PARTS FOR GRINDER\" \/><\/div>\n\t\t<\/div>\n\t<\/div>\n<\/div><\/div><\/div><div class=\"wpb_column vc_column_container vc_col-sm-4\"><div class=\"vc_column-inner\"><div class=\"wpb_wrapper\"><h2 style=\"font-size: 16px;text-align: left;font-family:Montserrat;font-weight:700;font-style:normal\" class=\"vc_custom_heading\" >TIRES<\/h2>\n<div class=\"colored-separator text-center style_1\">\n\t\t\t<div class=\"first-long stm-base-background-color\"  style=\"background-color: #ffffff\" ><\/div>\n\t\t<div class=\"last-short stm-base-background-color\"  style=\"background-color: #ffffff\" ><\/div>\n\t<\/div>\n\t<div class=\"wpb_single_image wpb_content_element vc_align_left\">\n\t\t<div class=\"wpb_wrapper\">\n\t\t\t\n\t\t\t<div class=\"vc_single_image-wrapper vc_box_border  vc_box_border_white\"><img loading=\"lazy\" decoding=\"async\" class=\"vc_single_image-img\" src=\"https:\/\/artisarl.com\/wp-content\/uploads\/2023\/01\/shutterstock_1133411390-350x220.jpg\" width=\"350\" height=\"220\" alt=\"Big,Machines,Tires,Stack,Background.,Industrial,Tires,Outside,For,Sale\" title=\"Big,Machines,Tires,Stack,Background.,Industrial,Tires,Outside,For,Sale\" \/><\/div>\n\t\t<\/div>\n\t<\/div>\n<\/div><\/div><\/div><\/div><div class=\"vc_row wpb_row vc_row-fluid vc_custom_1674161629751\"><div class=\"wpb_column vc_column_container vc_col-sm-4\"><div class=\"vc_column-inner\"><div class=\"wpb_wrapper\"><h2 style=\"font-size: 16px;text-align: left;font-family:Montserrat;font-weight:700;font-style:normal\" class=\"vc_custom_heading\" >ENGINE<\/h2>\n<div class=\"colored-separator text-center style_1\">\n\t\t\t<div class=\"first-long stm-base-background-color\"  style=\"background-color: #ffffff\" ><\/div>\n\t\t<div class=\"last-short stm-base-background-color\"  style=\"background-color: #ffffff\" ><\/div>\n\t<\/div>\n\t<div class=\"wpb_single_image wpb_content_element vc_align_left\">\n\t\t<div class=\"wpb_wrapper\">\n\t\t\t\n\t\t\t<div class=\"vc_single_image-wrapper vc_box_border  vc_box_border_white\"><img loading=\"lazy\" decoding=\"async\" class=\"vc_single_image-img\" src=\"https:\/\/artisarl.com\/wp-content\/uploads\/2023\/01\/Moteur-350x220.jpg\" width=\"350\" height=\"220\" alt=\"Moteur\" title=\"Engine\" \/><\/div>\n\t\t<\/div>\n\t<\/div>\n<\/div><\/div><\/div><div class=\"wpb_column vc_column_container vc_col-sm-8\"><div class=\"vc_column-inner\"><div class=\"wpb_wrapper\"><h2 style=\"font-size: 16px;text-align: left;font-family:Montserrat;font-weight:700;font-style:normal\" class=\"vc_custom_heading\" >SINGLES (POIDS LEGERS, LOURDS &amp; INDUSTRIELS)<\/h2>\n<div class=\"colored-separator text-center style_1\">\n\t\t\t<div class=\"first-long stm-base-background-color\"  style=\"background-color: #ffffff\" ><\/div>\n\t\t<div class=\"last-short stm-base-background-color\"  style=\"background-color: #ffffff\" ><\/div>\n\t<\/div>\n\t<div class=\"wpb_single_image wpb_content_element vc_align_left\">\n\t\t<div class=\"wpb_wrapper\">\n\t\t\t\n\t\t\t<div class=\"vc_single_image-wrapper vc_box_border  vc_box_border_white\"><img loading=\"lazy\" decoding=\"async\" class=\"vc_single_image-img\" src=\"https:\/\/artisarl.com\/wp-content\/uploads\/2023\/01\/shutterstock_1935631936-313x220.jpg\" width=\"313\" height=\"220\" alt=\"Auto,Parts,Logo.,3d,Render,On,White,Background\" title=\"Auto,Parts,Logo.,3d,Render,On,White,Background\" \/><\/div>\n\t\t<\/div>\n\t<\/div>\n<\/div><\/div><\/div><\/div><div data-vc-full-width=\"true\" data-vc-full-width-init=\"false\" class=\"vc_row wpb_row vc_row-fluid\"><div class=\"wpb_column vc_column_container vc_col-sm-12\"><div class=\"vc_column-inner\"><div class=\"wpb_wrapper\"><div class=\"vc_row wpb_row vc_inner vc_row-fluid\"><div class=\"wpb_column vc_column_container vc_col-sm-12\"><div class=\"vc_column-inner vc_custom_1674244410210\"><div class=\"wpb_wrapper\">\n\t<div class=\"wpb_text_column wpb_content_element  vc_custom_1674759528288\" >\n\t\t<div class=\"wpb_wrapper\">\n\t\t\t<p style=\"text-align: center;\">For industry professionals, we also offer high quality filters to ensure optimal performance of engine and mill parts. We also offer a range of clutches to ensure efficient engine transmission. Finally, our excellent customer service ensures prompt assistance for all inquiries. Trust us for all your spare parts and general maintenance needs<\/p>\n\n\t\t<\/div>\n\t<\/div>\n<\/div><\/div><\/div><\/div><\/div><\/div><\/div><\/div><div class=\"vc_row-full-width\"><\/div><div data-vc-full-width=\"true\" data-vc-full-width-init=\"false\" class=\"vc_row wpb_row vc_row-fluid vc_custom_1674418242804\"><div class=\"wpb_column vc_column_container vc_col-sm-12\"><div class=\"vc_column-inner\"><div class=\"wpb_wrapper\"><h2 style=\"color: #171b60;text-align: center\" class=\"vc_custom_heading vc_custom_1674418233252\" >Our brands<\/h2><p style=\"font-size: 16px;color: #171b60;text-align: center\" class=\"vc_custom_heading vc_custom_1674418225445\" >We market all brands of spare parts<\/p>\n<div class=\"stm-carousel-brands owl-carousel partners-carousel-12076\">\n\n\t\n\t\t\t<div class=\"brands-carousel-item\">\n\t\t\t\t<div class=\"brands-carousel-item-inner\">\n\t\t\t\t\t<img loading=\"lazy\" decoding=\"async\" class=\"\" src=\"https:\/\/artisarl.com\/wp-content\/uploads\/2023\/01\/Sans-titre-14_Plan-de-travail-1-1.png\" width=\"100\" height=\"100\" alt=\"Sans titre - 14_Plan de travail 1\" title=\"Sans titre - 14_Plan de travail 1\" \/>\t\t\t\t<\/div>\n\t\t\t<\/div>\n\n\t\t\n\t\t\t<div class=\"brands-carousel-item\">\n\t\t\t\t<div class=\"brands-carousel-item-inner\">\n\t\t\t\t\t<img loading=\"lazy\" decoding=\"async\" class=\"\" src=\"https:\/\/artisarl.com\/wp-content\/uploads\/2023\/01\/Sans-titre-16_Plan-de-travail-1-1.png\" width=\"100\" height=\"100\" alt=\"Sans titre - 16_Plan de travail 1\" title=\"Sans titre - 16_Plan de travail 1\" \/>\t\t\t\t<\/div>\n\t\t\t<\/div>\n\n\t\t\n\t\t\t<div class=\"brands-carousel-item\">\n\t\t\t\t<div class=\"brands-carousel-item-inner\">\n\t\t\t\t\t<img loading=\"lazy\" decoding=\"async\" class=\"\" src=\"https:\/\/artisarl.com\/wp-content\/uploads\/2023\/01\/Sans-titre-17_Plan-de-travail-1-1.png\" width=\"100\" height=\"100\" alt=\"Sans titre - 17_Plan de travail 1\" title=\"Sans titre - 17_Plan de travail 1\" \/>\t\t\t\t<\/div>\n\t\t\t<\/div>\n\n\t\t\n\t\t\t<div class=\"brands-carousel-item\">\n\t\t\t\t<div class=\"brands-carousel-item-inner\">\n\t\t\t\t\t<img loading=\"lazy\" decoding=\"async\" class=\"\" src=\"https:\/\/artisarl.com\/wp-content\/uploads\/2023\/01\/Sans-titre-19_Plan-de-travail-1-1.png\" width=\"100\" height=\"100\" alt=\"Sans titre - 19_Plan de travail 1\" title=\"Sans titre - 19_Plan de travail 1\" \/>\t\t\t\t<\/div>\n\t\t\t<\/div>\n\n\t\t\n\t\t\t<div class=\"brands-carousel-item\">\n\t\t\t\t<div class=\"brands-carousel-item-inner\">\n\t\t\t\t\t<img loading=\"lazy\" decoding=\"async\" class=\"\" src=\"https:\/\/artisarl.com\/wp-content\/uploads\/2023\/01\/Sans-titre-110_Plan-de-travail-1-1.png\" width=\"100\" height=\"100\" alt=\"Sans titre - 110_Plan de travail 1\" title=\"Sans titre - 110_Plan de travail 1\" \/>\t\t\t\t<\/div>\n\t\t\t<\/div>\n\n\t\t\n\t\t\t<div class=\"brands-carousel-item\">\n\t\t\t\t<div class=\"brands-carousel-item-inner\">\n\t\t\t\t\t<img loading=\"lazy\" decoding=\"async\" class=\"\" src=\"https:\/\/artisarl.com\/wp-content\/uploads\/2023\/01\/Sans-titre-111_Plan-de-travail-1-1.png\" width=\"100\" height=\"100\" alt=\"Sans titre - 111_Plan de travail 1\" title=\"Sans titre - 111_Plan de travail 1\" \/>\t\t\t\t<\/div>\n\t\t\t<\/div>\n\n\t\t\n\t\t\t<div class=\"brands-carousel-item\">\n\t\t\t\t<div class=\"brands-carousel-item-inner\">\n\t\t\t\t\t<img loading=\"lazy\" decoding=\"async\" class=\"\" src=\"https:\/\/artisarl.com\/wp-content\/uploads\/2023\/01\/telechargement-1-200x100.png\" width=\"200\" height=\"100\" alt=\"t\u00e9l\u00e9chargement (1)\" title=\"t\u00e9l\u00e9chargement (1)\" \/>\t\t\t\t<\/div>\n\t\t\t<\/div>\n\n\t\t\n\t\t\t<div class=\"brands-carousel-item\">\n\t\t\t\t<div class=\"brands-carousel-item-inner\">\n\t\t\t\t\t<img loading=\"lazy\" decoding=\"async\" class=\"\" src=\"https:\/\/artisarl.com\/wp-content\/uploads\/2023\/01\/untitled-1_229-200x100.gif\" width=\"200\" height=\"100\" alt=\"untitled-1_229\" title=\"untitled-1_229\" \/>\t\t\t\t<\/div>\n\t\t\t<\/div>\n\n\t\t\n\t\t\t<div class=\"brands-carousel-item\">\n\t\t\t\t<div class=\"brands-carousel-item-inner\">\n\t\t\t\t\t<img loading=\"lazy\" decoding=\"async\" class=\"\" src=\"https:\/\/artisarl.com\/wp-content\/uploads\/2023\/01\/Komatsu-Logo-200x100.png\" width=\"200\" height=\"100\" alt=\"Komatsu-Logo\" title=\"Komatsu-Logo\" \/>\t\t\t\t<\/div>\n\t\t\t<\/div>\n\n\t\t\n\t\t\t<div class=\"brands-carousel-item\">\n\t\t\t\t<div class=\"brands-carousel-item-inner\">\n\t\t\t\t\t<img loading=\"lazy\" decoding=\"async\" class=\"\" src=\"https:\/\/artisarl.com\/wp-content\/uploads\/2023\/01\/shantui_1-200x100.png\" width=\"200\" height=\"100\" alt=\"shantui_1\" title=\"shantui_1\" \/>\t\t\t\t<\/div>\n\t\t\t<\/div>\n\n\t\t\n\t\t\t<div class=\"brands-carousel-item\">\n\t\t\t\t<div class=\"brands-carousel-item-inner\">\n\t\t\t\t\t<img loading=\"lazy\" decoding=\"async\" class=\"\" src=\"https:\/\/artisarl.com\/wp-content\/uploads\/2023\/01\/Cummins-logo-1-200x100.jpg\" width=\"200\" height=\"100\" alt=\"Cummins-logo\" title=\"Cummins-logo\" \/>\t\t\t\t<\/div>\n\t\t\t<\/div>\n\n\t\t\n\t\t\t<div class=\"brands-carousel-item\">\n\t\t\t\t<div class=\"brands-carousel-item-inner\">\n\t\t\t\t\t<img loading=\"lazy\" decoding=\"async\" class=\"\" src=\"https:\/\/artisarl.com\/wp-content\/uploads\/2023\/01\/john_deere_logo-1-200x100.png\" width=\"200\" height=\"100\" alt=\"john_deere_logo\" title=\"john_deere_logo\" \/>\t\t\t\t<\/div>\n\t\t\t<\/div>\n\n\t\t\n<\/div>\n\n<script>\n\t(function($) {\n\t\t\"use strict\";\n\n\t\tvar $owl = $('.partners-carousel-12076');\n\n\t\tvar owlRtl = false;\n\t\tif( $('body').hasClass('rtl') ) {\n\t\t\towlRtl = true;\n\t\t}\n\n\t\t$(document).ready(function () {\n\t\t\t$owl.owlCarousel({\n\t\t\t\trtl: owlRtl,\n\t\t\t\titems: 3,\n\t\t\t\tsmartSpeed: 800,\n\t\t\t\tdots: false,\n\t\t\t\tmargin:10,\n\t\t\t\tnav:true,\n\t\t\t\tnavElement: 'div',\n\t\t\t\tautoplay: false,\n\t\t\t\tloop: true,\n\t\t\t\tnavText: '',\n\t\t\t\tresponsiveRefreshRate: 100,\n\t\t\t\tresponsive:{\n\t\t\t\t\t0:{\n\t\t\t\t\t\titems:2\n\t\t\t\t\t},\n\t\t\t\t\t500:{\n\t\t\t\t\t\titems:3\n\t\t\t\t\t},\n\t\t\t\t\t768:{\n\t\t\t\t\t\titems:4\n\t\t\t\t\t},\n\t\t\t\t\t992: {\n\t\t\t\t\t\titems: 7\t\n\t\t\t\t\t},\n\t\t\t\t\t1025:{\n\t\t\t\t\t\titems:6\t\t\t\t\t}\n\t\t\t\t}\n\t\t\t});\n\t\t\t$owl.on('click','.stm-owl-prev', function(){\n\t\t\t\t$owl.trigger('prev.owl.carousel');\n\t\t\t})\n\t\t\t$owl.on('click','.stm-owl-next', function(){\n\t\t\t\t$owl.trigger('next.owl.carousel');\n\t\t\t})\n\t\t});\n\t})(jQuery);\n<\/script><\/div><\/div><\/div><\/div><div class=\"vc_row-full-width\"><\/div>","protected":false},"excerpt":{"rendered":"NOS PRODUITS &amp; SERVICES Dans l\u2019optique d\u2019offrir une tr\u00e8s grande satisfaction, nous disposons d\u2019une large gamme de pi\u00e8ces d\u00e9tach\u00e9es et de services pour v\u00e9hicules l\u00e9gers, poids lourds et engins industriels qui sont : MECANIQUE GENERALE INJECTION DIESEL &amp; ESSENCE LUBRIFIANTS FOURNITURE DE PIECES DE RECHANGE FILTRATION ENTRETIEN GENERAL MECANIQUE APPROVISIONNEMENT EXPRESS MINES PNEUMATIQUES MOTEUR PIECES...","protected":false},"author":1,"featured_media":0,"parent":0,"menu_order":0,"comment_status":"closed","ping_status":"closed","template":"","meta":{"footnotes":""},"yst_prominent_words":[],"class_list":["post-4336","page","type-page","status-publish","hentry"],"_links":{"self":[{"href":"https:\/\/artisarl.com\/en\/wp-json\/wp\/v2\/pages\/4336","targetHints":{"allow":["GET"]}}],"collection":[{"href":"https:\/\/artisarl.com\/en\/wp-json\/wp\/v2\/pages"}],"about":[{"href":"https:\/\/artisarl.com\/en\/wp-json\/wp\/v2\/types\/page"}],"author":[{"embeddable":true,"href":"https:\/\/artisarl.com\/en\/wp-json\/wp\/v2\/users\/1"}],"replies":[{"embeddable":true,"href":"https:\/\/artisarl.com\/en\/wp-json\/wp\/v2\/comments?post=4336"}],"version-history":[{"count":17,"href":"https:\/\/artisarl.com\/en\/wp-json\/wp\/v2\/pages\/4336\/revisions"}],"predecessor-version":[{"id":4640,"href":"https:\/\/artisarl.com\/en\/wp-json\/wp\/v2\/pages\/4336\/revisions\/4640"}],"wp:attachment":[{"href":"https:\/\/artisarl.com\/en\/wp-json\/wp\/v2\/media?parent=4336"}],"wp:term":[{"taxonomy":"yst_prominent_words","embeddable":true,"href":"https:\/\/artisarl.com\/en\/wp-json\/wp\/v2\/yst_prominent_words?post=4336"}],"curies":[{"name":"wp","href":"https:\/\/api.w.org\/{rel}","templated":true}]}}