{"id":4334,"date":"2023-01-18T20:21:53","date_gmt":"2023-01-18T19:21:53","guid":{"rendered":"https:\/\/artisarl.com\/?page_id=4334"},"modified":"2023-01-26T20:44:08","modified_gmt":"2023-01-26T19:44:08","slug":"a-propos-de-arti-sarl","status":"publish","type":"page","link":"https:\/\/artisarl.com\/en\/a-propos-de-arti-sarl\/","title":{"rendered":"About Arti Sarl"},"content":{"rendered":"<div class=\"vc_row wpb_row vc_row-fluid vc_custom_1472016399122\"><div class=\"stm-col-pad-right wpb_column vc_column_container vc_col-sm-6\"><div class=\"vc_column-inner\"><div class=\"wpb_wrapper\">\n\t<div class=\"wpb_single_image wpb_content_element vc_align_left  vc_custom_1674240282475\">\n\t\t<div class=\"wpb_wrapper\">\n\t\t\t\n\t\t\t<a class=\"stm_fancybox\" href=\"https:\/\/artisarl.com\/wp-content\/uploads\/2016\/08\/mechanic-checking-oil-level-car-engine-1024x683.jpg\" target=\"_self\"><div class=\"vc_single_image-wrapper   vc_box_border_grey\"><img loading=\"lazy\" decoding=\"async\" width=\"1440\" height=\"960\" src=\"https:\/\/artisarl.com\/wp-content\/uploads\/2016\/08\/mechanic-checking-oil-level-car-engine.jpg\" class=\"vc_single_image-img attachment-full\" alt=\"\" srcset=\"https:\/\/artisarl.com\/wp-content\/uploads\/2016\/08\/mechanic-checking-oil-level-car-engine.jpg 1440w, https:\/\/artisarl.com\/wp-content\/uploads\/2016\/08\/mechanic-checking-oil-level-car-engine-300x200.jpg 300w, https:\/\/artisarl.com\/wp-content\/uploads\/2016\/08\/mechanic-checking-oil-level-car-engine-1024x683.jpg 1024w, https:\/\/artisarl.com\/wp-content\/uploads\/2016\/08\/mechanic-checking-oil-level-car-engine-768x512.jpg 768w, https:\/\/artisarl.com\/wp-content\/uploads\/2016\/08\/mechanic-checking-oil-level-car-engine-100x68.jpg 100w, https:\/\/artisarl.com\/wp-content\/uploads\/2016\/08\/mechanic-checking-oil-level-car-engine-327x218.jpg 327w\" sizes=\"auto, (max-width: 1440px) 100vw, 1440px\" \/><\/div><\/a>\n\t\t<\/div>\n\t<\/div>\n<\/div><\/div><\/div><div class=\"stm-col-pad-left wpb_column vc_column_container vc_col-sm-6\"><div class=\"vc_column-inner\"><div class=\"wpb_wrapper\">\n\t<div class=\"wpb_text_column wpb_content_element\" >\n\t\t<div class=\"wpb_wrapper\">\n\t\t\t<h3 style=\"margin-bottom: 18px;\">ABOUT US <span style=\"color: #e71919;\">ARTI SARL<\/span><\/h3>\n<h5 style=\"margin-bottom: 22px;\">ARTI Sarl is a company specialized in the supply, diagnosis, assembly of spare parts and other services related to the repair and maintenance of light, heavy and industrial machinery.<\/h5>\n<p style=\"margin-bottom: 26px;\">Aware of the importance of choosing quality in terms of spare parts, ARTI Sarl has made it its mission to make the spare parts you need available directly in your home town.<br \/>\nPresenting a wide range of spare parts and services in the field of mechanics, ARTI Sarl is today the solution to all your needs for spare parts of the best brands in the world.<br \/>\nThe headquarters of ARTI Sarl is located in Ouagadougou, Burkina Faso, with a representation in Bobo Dioulasso and a subsidiary in Mali.<\/p>\n\n\t\t<\/div>\n\t<\/div>\n<\/div><\/div><\/div><\/div><div class=\"vc_row wpb_row vc_row-fluid vc_custom_1445594570930\"><div class=\"stm-col-pad-right wpb_column vc_column_container vc_col-sm-6\"><div class=\"vc_column-inner\"><div class=\"wpb_wrapper\">\n\t<div class=\"wpb_text_column wpb_content_element  vc_custom_1674240532906\" >\n\t\t<div class=\"wpb_wrapper\">\n\t\t\t<h3>OUR PRODUCTS &amp; SERVICES<\/h3>\n\n\t\t<\/div>\n\t<\/div>\n<div class=\"vc_separator wpb_content_element vc_separator_align_center vc_sep_width_100 vc_sep_pos_align_center vc_separator_no_text vc_sep_color_grey vc_custom_1445496980428  vc_custom_1445496980428\" ><span class=\"vc_sep_holder vc_sep_holder_l\"><span  class=\"vc_sep_line\"><\/span><\/span><span class=\"vc_sep_holder vc_sep_holder_r\"><span  class=\"vc_sep_line\"><\/span><\/span>\n<\/div>\n\t<div class=\"wpb_text_column wpb_content_element  vc_custom_1674242340860\" >\n\t\t<div class=\"wpb_wrapper\">\n\t\t\t<p><span style=\"color: #888888; font-size: 14px;\">In order to offer a high level of satisfaction, we have a wide range of spare parts and services for light vehicles, trucks and industrial machinery, which are<\/span><\/p>\n\n\t\t<\/div>\n\t<\/div>\n\n\t<div class=\"wpb_text_column wpb_content_element\" >\n\t\t<div class=\"wpb_wrapper\">\n\t\t\t<ul class=\"list-style-1\" style=\"font-size: 14px;\">\n<li>General mechanics<\/li>\n<li>Diesel &amp; gasoline injection<\/li>\n<li>Lubricants<\/li>\n<li>Spare parts (light, heavy &amp; industrial vehicles)<\/li>\n<li>Tires<\/li>\n<li>Supply of spare parts<\/li>\n<li>Filtration<\/li>\n<li>General maintenance<\/li>\n<li>Mining<\/li>\n<li>Engine<\/li>\n<\/ul>\n\n\t\t<\/div>\n\t<\/div>\n<\/div><\/div><\/div><div class=\"stm-col-pad-left wpb_column vc_column_container vc_col-sm-6\"><div class=\"vc_column-inner\"><div class=\"wpb_wrapper\">\n\t<div class=\"wpb_single_image wpb_content_element vc_align_left  vc_custom_1674242847026\">\n\t\t<div class=\"wpb_wrapper\">\n\t\t\t\n\t\t\t<a class=\"stm_fancybox\" href=\"https:\/\/artisarl.com\/wp-content\/uploads\/2023\/01\/mechanic-standing-repair-garage.jpg\" target=\"_self\"><div class=\"vc_single_image-wrapper   vc_box_border_grey\"><img loading=\"lazy\" decoding=\"async\" class=\"vc_single_image-img\" src=\"https:\/\/artisarl.com\/wp-content\/uploads\/2023\/01\/mechanic-standing-repair-garage-500x300.jpg\" width=\"500\" height=\"300\" alt=\"Portrait of mechanic standing with arms crossed at the repair garage\" title=\"Mechanic standing at repair garage\" \/><\/div><\/a>\n\t\t<\/div>\n\t<\/div>\n\n\t<div class=\"wpb_single_image wpb_content_element vc_align_left  vc_custom_1674242449563\">\n\t\t<div class=\"wpb_wrapper\">\n\t\t\t\n\t\t\t<a class=\"stm_fancybox\" href=\"https:\/\/artisarl.com\/wp-content\/uploads\/2016\/08\/different-car-accessories-composition-1024x683.jpg\" target=\"_self\"><div class=\"vc_single_image-wrapper   vc_box_border_grey\"><img loading=\"lazy\" decoding=\"async\" class=\"vc_single_image-img\" src=\"https:\/\/artisarl.com\/wp-content\/uploads\/2016\/08\/different-car-accessories-composition-500x200.jpg\" width=\"500\" height=\"200\" alt=\"different-car-accessories-composition\" title=\"different-car-accessories-composition\" \/><\/div><\/a>\n\t\t<\/div>\n\t<\/div>\n<\/div><\/div><\/div><\/div><div class=\"vc_row wpb_row vc_row-fluid\"><div class=\"stm-col-pad-right wpb_column vc_column_container vc_col-sm-1\/5\"><div class=\"vc_column-inner vc_custom_1674242772115\"><div class=\"wpb_wrapper\"><\/div><\/div><\/div><div class=\"stm-col-pad-left wpb_column vc_column_container vc_col-sm-3\/5\"><div class=\"vc_column-inner vc_custom_1674242792036\"><div class=\"wpb_wrapper\"><h3 style=\"text-align: left\" class=\"vc_custom_heading vc_custom_1674242114961\" >OUR VALUES<\/h3><div class=\"vc_tta-container\" data-vc-action=\"collapse\"><div class=\"vc_general vc_tta vc_tta-accordion vc_tta-o-shape-group\"><div class=\"vc_tta-panels-container\"><div class=\"vc_tta-panels\"><div class=\"vc_tta-panel vc_active\" id=\"1445577012477-c2089919-d41f\" data-vc-content=\".vc_tta-panel-body\"><div class=\"vc_tta-panel-heading\"><h4 class=\"vc_tta-panel-title\"><a href=\"#1445577012477-c2089919-d41f\" data-vc-accordion data-vc-container=\".vc_tta-container\"><i class=\"vc_tta-icon stm-service-icon-shield_check\"><\/i><span class=\"vc_tta-title-text\">ORIGINAL EQUIPMENT QUALITY<\/span><i class=\"vc_tta-controls-icon vc_tta-controls-icon-chevron\"><\/i><\/a><\/h4><\/div><div class=\"vc_tta-panel-body\">\n\t<div class=\"wpb_text_column wpb_content_element\" >\n\t\t<div class=\"wpb_wrapper\">\n\t\t\t<p>Quality is one of the pillars of ARTI Sarl's commercial policy because we have been working in the field for decades and we are aware of our customers' desires and their attachment to parts that last over time and to quality services.<\/p>\n\n\t\t<\/div>\n\t<\/div>\n<\/div><\/div><div class=\"vc_tta-panel\" id=\"1445577012778-7f50c834-615e\" data-vc-content=\".vc_tta-panel-body\"><div class=\"vc_tta-panel-heading\"><h4 class=\"vc_tta-panel-title\"><a href=\"#1445577012778-7f50c834-615e\" data-vc-accordion data-vc-container=\".vc_tta-container\"><i class=\"vc_tta-icon stm-icon-calendar\"><\/i><span class=\"vc_tta-title-text\">REACTIVITY<\/span><i class=\"vc_tta-controls-icon vc_tta-controls-icon-chevron\"><\/i><\/a><\/h4><\/div><div class=\"vc_tta-panel-body\">\n\t<div class=\"wpb_text_column wpb_content_element\" >\n\t\t<div class=\"wpb_wrapper\">\n\t\t\t<p>We make it a point of honour to always satisfy our customers' needs in a timely manner. Whether it is the supply of parts or services, you will always be pleased with the promptness with which your needs will be met with us.<\/p>\n\n\t\t<\/div>\n\t<\/div>\n<\/div><\/div><div class=\"vc_tta-panel\" id=\"1445577154864-e8053705-41fb\" data-vc-content=\".vc_tta-panel-body\"><div class=\"vc_tta-panel-heading\"><h4 class=\"vc_tta-panel-title\"><a href=\"#1445577154864-e8053705-41fb\" data-vc-accordion data-vc-container=\".vc_tta-container\"><i class=\"vc_tta-icon stm-service-icon-award_blank\"><\/i><span class=\"vc_tta-title-text\">QUALITY-PRICE RATIO<\/span><i class=\"vc_tta-controls-icon vc_tta-controls-icon-chevron\"><\/i><\/a><\/h4><\/div><div class=\"vc_tta-panel-body\">\n\t<div class=\"wpb_text_column wpb_content_element\" >\n\t\t<div class=\"wpb_wrapper\">\n\t\t\t<p>With the experience and partnership networks developed over decades, we provide you with parts and services at such a high level of quality that you will not be able to find a lower price on the market.<\/p>\n\n\t\t<\/div>\n\t<\/div>\n<\/div><\/div><div class=\"vc_tta-panel\" id=\"1674242206610-4c49784a-7108\" data-vc-content=\".vc_tta-panel-body\"><div class=\"vc_tta-panel-heading\"><h4 class=\"vc_tta-panel-title\"><a href=\"#1674242206610-4c49784a-7108\" data-vc-accordion data-vc-container=\".vc_tta-container\"><i class=\"vc_tta-icon stm-service-icon-diagnostic_monitor\"><\/i><span class=\"vc_tta-title-text\">IMPECCABLE AFTER-SALES SERVICE<\/span><i class=\"vc_tta-controls-icon vc_tta-controls-icon-chevron\"><\/i><\/a><\/h4><\/div><div class=\"vc_tta-panel-body\">\n\t<div class=\"wpb_text_column wpb_content_element\" >\n\t\t<div class=\"wpb_wrapper\">\n\t\t\t<p>Our raison d'\u00eatre would be incomplete if we did not combine our services with a high quality after-sales service. That's why at ARTI Sarl you will not be treated as a temporary customer but as a long-term partner. We make sure that you are satisfied with our services and we remain at your disposal for any other need and support. <\/p>\n\n\t\t<\/div>\n\t<\/div>\n<\/div><\/div><\/div><\/div><\/div><\/div><\/div><\/div><\/div><div class=\"wpb_column vc_column_container vc_col-sm-1\/5\"><div class=\"vc_column-inner\"><div class=\"wpb_wrapper\"><\/div><\/div><\/div><\/div><div data-vc-full-width=\"true\" data-vc-full-width-init=\"false\" class=\"vc_row wpb_row vc_row-fluid vc_custom_1674418242804\"><div class=\"wpb_column vc_column_container vc_col-sm-12\"><div class=\"vc_column-inner\"><div class=\"wpb_wrapper\"><h2 style=\"color: #171b60;text-align: center\" class=\"vc_custom_heading vc_custom_1674418233252\" >Our brands<\/h2><p style=\"font-size: 16px;color: #171b60;text-align: center\" class=\"vc_custom_heading vc_custom_1674418225445\" >We market all brands of spare parts<\/p>\n<div class=\"stm-carousel-brands owl-carousel partners-carousel-71064\">\n\n\t\n\t\t\t<div class=\"brands-carousel-item\">\n\t\t\t\t<div class=\"brands-carousel-item-inner\">\n\t\t\t\t\t<img loading=\"lazy\" decoding=\"async\" class=\"\" src=\"https:\/\/artisarl.com\/wp-content\/uploads\/2023\/01\/Sans-titre-14_Plan-de-travail-1-1.png\" width=\"100\" height=\"100\" alt=\"Sans titre - 14_Plan de travail 1\" title=\"Sans titre - 14_Plan de travail 1\" \/>\t\t\t\t<\/div>\n\t\t\t<\/div>\n\n\t\t\n\t\t\t<div class=\"brands-carousel-item\">\n\t\t\t\t<div class=\"brands-carousel-item-inner\">\n\t\t\t\t\t<img loading=\"lazy\" decoding=\"async\" class=\"\" src=\"https:\/\/artisarl.com\/wp-content\/uploads\/2023\/01\/Sans-titre-16_Plan-de-travail-1-1.png\" width=\"100\" height=\"100\" alt=\"Sans titre - 16_Plan de travail 1\" title=\"Sans titre - 16_Plan de travail 1\" \/>\t\t\t\t<\/div>\n\t\t\t<\/div>\n\n\t\t\n\t\t\t<div class=\"brands-carousel-item\">\n\t\t\t\t<div class=\"brands-carousel-item-inner\">\n\t\t\t\t\t<img loading=\"lazy\" decoding=\"async\" class=\"\" src=\"https:\/\/artisarl.com\/wp-content\/uploads\/2023\/01\/Sans-titre-17_Plan-de-travail-1-1.png\" width=\"100\" height=\"100\" alt=\"Sans titre - 17_Plan de travail 1\" title=\"Sans titre - 17_Plan de travail 1\" \/>\t\t\t\t<\/div>\n\t\t\t<\/div>\n\n\t\t\n\t\t\t<div class=\"brands-carousel-item\">\n\t\t\t\t<div class=\"brands-carousel-item-inner\">\n\t\t\t\t\t<img loading=\"lazy\" decoding=\"async\" class=\"\" src=\"https:\/\/artisarl.com\/wp-content\/uploads\/2023\/01\/Sans-titre-19_Plan-de-travail-1-1.png\" width=\"100\" height=\"100\" alt=\"Sans titre - 19_Plan de travail 1\" title=\"Sans titre - 19_Plan de travail 1\" \/>\t\t\t\t<\/div>\n\t\t\t<\/div>\n\n\t\t\n\t\t\t<div class=\"brands-carousel-item\">\n\t\t\t\t<div class=\"brands-carousel-item-inner\">\n\t\t\t\t\t<img loading=\"lazy\" decoding=\"async\" class=\"\" src=\"https:\/\/artisarl.com\/wp-content\/uploads\/2023\/01\/Sans-titre-110_Plan-de-travail-1-1.png\" width=\"100\" height=\"100\" alt=\"Sans titre - 110_Plan de travail 1\" title=\"Sans titre - 110_Plan de travail 1\" \/>\t\t\t\t<\/div>\n\t\t\t<\/div>\n\n\t\t\n\t\t\t<div class=\"brands-carousel-item\">\n\t\t\t\t<div class=\"brands-carousel-item-inner\">\n\t\t\t\t\t<img loading=\"lazy\" decoding=\"async\" class=\"\" src=\"https:\/\/artisarl.com\/wp-content\/uploads\/2023\/01\/Sans-titre-111_Plan-de-travail-1-1.png\" width=\"100\" height=\"100\" alt=\"Sans titre - 111_Plan de travail 1\" title=\"Sans titre - 111_Plan de travail 1\" \/>\t\t\t\t<\/div>\n\t\t\t<\/div>\n\n\t\t\n\t\t\t<div class=\"brands-carousel-item\">\n\t\t\t\t<div class=\"brands-carousel-item-inner\">\n\t\t\t\t\t<img loading=\"lazy\" decoding=\"async\" class=\"\" src=\"https:\/\/artisarl.com\/wp-content\/uploads\/2023\/01\/telechargement-1-200x100.png\" width=\"200\" height=\"100\" alt=\"t\u00e9l\u00e9chargement (1)\" title=\"t\u00e9l\u00e9chargement (1)\" \/>\t\t\t\t<\/div>\n\t\t\t<\/div>\n\n\t\t\n\t\t\t<div class=\"brands-carousel-item\">\n\t\t\t\t<div class=\"brands-carousel-item-inner\">\n\t\t\t\t\t<img loading=\"lazy\" decoding=\"async\" class=\"\" src=\"https:\/\/artisarl.com\/wp-content\/uploads\/2023\/01\/untitled-1_229-200x100.gif\" width=\"200\" height=\"100\" alt=\"untitled-1_229\" title=\"untitled-1_229\" \/>\t\t\t\t<\/div>\n\t\t\t<\/div>\n\n\t\t\n\t\t\t<div class=\"brands-carousel-item\">\n\t\t\t\t<div class=\"brands-carousel-item-inner\">\n\t\t\t\t\t<img loading=\"lazy\" decoding=\"async\" class=\"\" src=\"https:\/\/artisarl.com\/wp-content\/uploads\/2023\/01\/Komatsu-Logo-200x100.png\" width=\"200\" height=\"100\" alt=\"Komatsu-Logo\" title=\"Komatsu-Logo\" \/>\t\t\t\t<\/div>\n\t\t\t<\/div>\n\n\t\t\n\t\t\t<div class=\"brands-carousel-item\">\n\t\t\t\t<div class=\"brands-carousel-item-inner\">\n\t\t\t\t\t<img loading=\"lazy\" decoding=\"async\" class=\"\" src=\"https:\/\/artisarl.com\/wp-content\/uploads\/2023\/01\/shantui_1-200x100.png\" width=\"200\" height=\"100\" alt=\"shantui_1\" title=\"shantui_1\" \/>\t\t\t\t<\/div>\n\t\t\t<\/div>\n\n\t\t\n\t\t\t<div class=\"brands-carousel-item\">\n\t\t\t\t<div class=\"brands-carousel-item-inner\">\n\t\t\t\t\t<img loading=\"lazy\" decoding=\"async\" class=\"\" src=\"https:\/\/artisarl.com\/wp-content\/uploads\/2023\/01\/Cummins-logo-1-200x100.jpg\" width=\"200\" height=\"100\" alt=\"Cummins-logo\" title=\"Cummins-logo\" \/>\t\t\t\t<\/div>\n\t\t\t<\/div>\n\n\t\t\n\t\t\t<div class=\"brands-carousel-item\">\n\t\t\t\t<div class=\"brands-carousel-item-inner\">\n\t\t\t\t\t<img loading=\"lazy\" decoding=\"async\" class=\"\" src=\"https:\/\/artisarl.com\/wp-content\/uploads\/2023\/01\/john_deere_logo-1-200x100.png\" width=\"200\" height=\"100\" alt=\"john_deere_logo\" title=\"john_deere_logo\" \/>\t\t\t\t<\/div>\n\t\t\t<\/div>\n\n\t\t\n<\/div>\n\n<script>\n\t(function($) {\n\t\t\"use strict\";\n\n\t\tvar $owl = $('.partners-carousel-71064');\n\n\t\tvar owlRtl = false;\n\t\tif( $('body').hasClass('rtl') ) {\n\t\t\towlRtl = true;\n\t\t}\n\n\t\t$(document).ready(function () {\n\t\t\t$owl.owlCarousel({\n\t\t\t\trtl: owlRtl,\n\t\t\t\titems: 3,\n\t\t\t\tsmartSpeed: 800,\n\t\t\t\tdots: false,\n\t\t\t\tmargin:10,\n\t\t\t\tnav:true,\n\t\t\t\tnavElement: 'div',\n\t\t\t\tautoplay: false,\n\t\t\t\tloop: true,\n\t\t\t\tnavText: '',\n\t\t\t\tresponsiveRefreshRate: 100,\n\t\t\t\tresponsive:{\n\t\t\t\t\t0:{\n\t\t\t\t\t\titems:2\n\t\t\t\t\t},\n\t\t\t\t\t500:{\n\t\t\t\t\t\titems:3\n\t\t\t\t\t},\n\t\t\t\t\t768:{\n\t\t\t\t\t\titems:4\n\t\t\t\t\t},\n\t\t\t\t\t992: {\n\t\t\t\t\t\titems: 7\t\n\t\t\t\t\t},\n\t\t\t\t\t1025:{\n\t\t\t\t\t\titems:6\t\t\t\t\t}\n\t\t\t\t}\n\t\t\t});\n\t\t\t$owl.on('click','.stm-owl-prev', function(){\n\t\t\t\t$owl.trigger('prev.owl.carousel');\n\t\t\t})\n\t\t\t$owl.on('click','.stm-owl-next', function(){\n\t\t\t\t$owl.trigger('next.owl.carousel');\n\t\t\t})\n\t\t});\n\t})(jQuery);\n<\/script><\/div><\/div><\/div><\/div><div class=\"vc_row-full-width\"><\/div>","protected":false},"excerpt":{"rendered":"A-PROPOS ARTI SARL ARTI Sarl est une entreprise sp\u00e9cialis\u00e9e dans la fourniture, le diagnostic, le montage de pi\u00e8ces d\u00e9tach\u00e9es et autres services li\u00e9s \u00e0 la r\u00e9paration et \u00e0 l\u2019entretien d\u2019engins l\u00e9gers, lourds et industriels. Conscient de l\u2019importance que rev\u00eat le choix de la qualit\u00e9 en termes de pi\u00e8ces d\u00e9tach\u00e9es, ARTI Sarl s\u2019est donn\u00e9e comme mission...","protected":false},"author":1,"featured_media":0,"parent":0,"menu_order":0,"comment_status":"closed","ping_status":"closed","template":"","meta":{"footnotes":""},"yst_prominent_words":[],"class_list":["post-4334","page","type-page","status-publish","hentry"],"_links":{"self":[{"href":"https:\/\/artisarl.com\/en\/wp-json\/wp\/v2\/pages\/4334","targetHints":{"allow":["GET"]}}],"collection":[{"href":"https:\/\/artisarl.com\/en\/wp-json\/wp\/v2\/pages"}],"about":[{"href":"https:\/\/artisarl.com\/en\/wp-json\/wp\/v2\/types\/page"}],"author":[{"embeddable":true,"href":"https:\/\/artisarl.com\/en\/wp-json\/wp\/v2\/users\/1"}],"replies":[{"embeddable":true,"href":"https:\/\/artisarl.com\/en\/wp-json\/wp\/v2\/comments?post=4334"}],"version-history":[{"count":26,"href":"https:\/\/artisarl.com\/en\/wp-json\/wp\/v2\/pages\/4334\/revisions"}],"predecessor-version":[{"id":4610,"href":"https:\/\/artisarl.com\/en\/wp-json\/wp\/v2\/pages\/4334\/revisions\/4610"}],"wp:attachment":[{"href":"https:\/\/artisarl.com\/en\/wp-json\/wp\/v2\/media?parent=4334"}],"wp:term":[{"taxonomy":"yst_prominent_words","embeddable":true,"href":"https:\/\/artisarl.com\/en\/wp-json\/wp\/v2\/yst_prominent_words?post=4334"}],"curies":[{"name":"wp","href":"https:\/\/api.w.org\/{rel}","templated":true}]}}